{"id":602,"date":"2025-03-27T10:09:39","date_gmt":"2025-03-27T09:09:39","guid":{"rendered":"https:\/\/weingut-keiper-delp.de\/onlineshop\/produkt\/artikel-nr-7-202023er-dittelsheimer-geiersberg-huxelrebe-beerenauslese-05l\/"},"modified":"2026-03-10T10:29:52","modified_gmt":"2026-03-10T09:29:52","slug":"artikel-nr-7-202023er-dittelsheimer-geiersberg-huxelrebe-beerenauslese-05l","status":"publish","type":"product","link":"https:\/\/weingut-keiper-delp.de\/onlineshop\/produkt\/artikel-nr-7-202023er-dittelsheimer-geiersberg-huxelrebe-beerenauslese-05l\/","title":{"rendered":"<br>Artikel-Nr.: 7.20<br>2023er Dittelsheimer Geiersberg Huxelrebe Beerenauslese   0,5l<br>"},"content":{"rendered":"<p><!-- IBGHTML --><strong>Goldene Kammerpreism\u00fcnze<\/strong><br \/><font color=\"#f9b146\"><strong>NEU NEU NEU NEU NEU<\/strong><\/font><br \/><strong><font color=\"#f9b146\">JAHRGANGSHIGHLIGHT 2023<\/font><\/strong><br \/>Seit geraumer Zeit bereichern zwei (noch) kleine F\u00fc\u00dfe unsere Familie. Die Spitze des 2023er Jahrgangs widmen wir ganz unserem Enkel bzw. Neffen! Ein Wein, der schon jetzt brilliert und garantiert auch noch in 20 Jahren. In der Nase Honig mit Rosinen, am Gaumen folgt die Geschmacksexplosion vor rauschendem S\u00fc\u00dfe-S\u00e4ure-Spiel und Aromatik von reifen Fr\u00fcchten.<br \/><strong>-limitierte Flaschenzahl-<\/strong><\/p>\n<table WIDTH=\"60%\" BORDER=\"0\" align=\"left\" CELLPADDING=\"0\" CELLSPACING=\"0\"><\/p>\n<tr>\n<td width=\"53%\">Artikelnummer:<\/td>\n<td width=\"47%\"><strong>7.20<\/strong><\/td>\n<\/tr>\n<p><\/p>\n<tr>\n<td>Inhalt<\/td>\n<td><strong>0,5 Ltr.<\/strong><\/td>\n<\/tr>\n<p><\/p>\n<tr>\n<td>Preis\/Ltr.<\/td>\n<td><strong>30,20 EUR pro Ltr.<\/strong><\/td>\n<\/tr>\n<p><\/p>\n<tr>\n<td>Weinart:<\/td>\n<td><strong>Wei\u00dfwein<\/strong><\/td>\n<\/tr>\n<p><\/p>\n<tr>\n<td>Qualit&auml;tsstufe<\/td>\n<td><strong>Beerenauslese<\/strong><\/td>\n<\/tr>\n<p><\/p>\n<tr>\n<td>Rebsorte<\/td>\n<td><strong>Huxelrebe<\/strong><\/td>\n<\/tr>\n<p><\/p>\n<tr>\n<td>Gechmacksangabe<\/td>\n<td><strong><\/strong><\/td>\n<\/tr>\n<p><\/p>\n<tr>\n<td>Restzuckergehalt<\/td>\n<td><strong>140,8 g\/Ltr.<\/strong><\/td>\n<\/tr>\n<p><\/p>\n<tr>\n<td>Alkoholgehalt<\/td>\n<td><strong>9,5 Vol. %<\/strong><\/td>\n<\/tr>\n<p><\/p>\n<tr>\n<td>vegan:<\/td>\n<td><strong>JA<\/strong><\/td>\n<\/tr>\n<p><\/p>\n<tr>\n<td>Ursprungsland:<\/td>\n<td><strong>Deutschland<\/strong><\/td>\n<\/tr>\n<p><\/p>\n<tr>\n<td>enth\u00e4lt Allergene:<\/td>\n<td><strong>Sulfite<\/strong><\/td>\n<\/tr>\n<p><\/table>\n","protected":false},"excerpt":{"rendered":"<p>Goldene Kammerpreism\u00fcnzeNEU NEU NEU NEU NEUJAHRGANGSHIGHLIGHT 2023Seit geraumer Zeit bereichern zwei (noch) kleine F\u00fc\u00dfe unsere Familie. Die Spitze des 2023er [&hellip;]<\/p>\n","protected":false},"featured_media":542,"template":"","meta":{"site-sidebar-layout":"default","site-content-layout":"","ast-site-content-layout":"default","site-content-style":"default","site-sidebar-style":"default","ast-global-header-display":"","ast-banner-title-visibility":"","ast-main-header-display":"","ast-hfb-above-header-display":"","ast-hfb-below-header-display":"","ast-hfb-mobile-header-display":"","site-post-title":"","ast-breadcrumbs-content":"","ast-featured-img":"","footer-sml-layout":"","ast-disable-related-posts":"","theme-transparent-header-meta":"","adv-header-id-meta":"","stick-header-meta":"","header-above-stick-meta":"","header-main-stick-meta":"","header-below-stick-meta":"","astra-migrate-meta-layouts":"default","ast-page-background-enabled":"default","ast-page-background-meta":{"desktop":{"background-color":"var(--ast-global-color-4)","background-image":"","background-repeat":"repeat","background-position":"center center","background-size":"auto","background-attachment":"scroll","background-type":"","background-media":"","overlay-type":"","overlay-color":"","overlay-opacity":"","overlay-gradient":""},"tablet":{"background-color":"","background-image":"","background-repeat":"repeat","background-position":"center center","background-size":"auto","background-attachment":"scroll","background-type":"","background-media":"","overlay-type":"","overlay-color":"","overlay-opacity":"","overlay-gradient":""},"mobile":{"background-color":"","background-image":"","background-repeat":"repeat","background-position":"center center","background-size":"auto","background-attachment":"scroll","background-type":"","background-media":"","overlay-type":"","overlay-color":"","overlay-opacity":"","overlay-gradient":""}},"ast-content-background-meta":{"desktop":{"background-color":"var(--ast-global-color-5)","background-image":"","background-repeat":"repeat","background-position":"center center","background-size":"auto","background-attachment":"scroll","background-type":"","background-media":"","overlay-type":"","overlay-color":"","overlay-opacity":"","overlay-gradient":""},"tablet":{"background-color":"var(--ast-global-color-5)","background-image":"","background-repeat":"repeat","background-position":"center center","background-size":"auto","background-attachment":"scroll","background-type":"","background-media":"","overlay-type":"","overlay-color":"","overlay-opacity":"","overlay-gradient":""},"mobile":{"background-color":"var(--ast-global-color-5)","background-image":"","background-repeat":"repeat","background-position":"center center","background-size":"auto","background-attachment":"scroll","background-type":"","background-media":"","overlay-type":"","overlay-color":"","overlay-opacity":"","overlay-gradient":""}}},"product_brand":[],"product_cat":[76],"product_tag":[],"class_list":{"0":"post-602","1":"product","2":"type-product","3":"status-publish","4":"has-post-thumbnail","6":"product_cat-edelsuesse-weine-aperitifweine","7":"desktop-align-left","8":"tablet-align-left","9":"mobile-align-left","11":"first","12":"instock","13":"taxable","14":"shipping-taxable","15":"purchasable","16":"product-type-simple"},"_links":{"self":[{"href":"https:\/\/weingut-keiper-delp.de\/onlineshop\/wp-json\/wp\/v2\/product\/602","targetHints":{"allow":["GET"]}}],"collection":[{"href":"https:\/\/weingut-keiper-delp.de\/onlineshop\/wp-json\/wp\/v2\/product"}],"about":[{"href":"https:\/\/weingut-keiper-delp.de\/onlineshop\/wp-json\/wp\/v2\/types\/product"}],"wp:featuredmedia":[{"embeddable":true,"href":"https:\/\/weingut-keiper-delp.de\/onlineshop\/wp-json\/wp\/v2\/media\/542"}],"wp:attachment":[{"href":"https:\/\/weingut-keiper-delp.de\/onlineshop\/wp-json\/wp\/v2\/media?parent=602"}],"wp:term":[{"taxonomy":"product_brand","embeddable":true,"href":"https:\/\/weingut-keiper-delp.de\/onlineshop\/wp-json\/wp\/v2\/product_brand?post=602"},{"taxonomy":"product_cat","embeddable":true,"href":"https:\/\/weingut-keiper-delp.de\/onlineshop\/wp-json\/wp\/v2\/product_cat?post=602"},{"taxonomy":"product_tag","embeddable":true,"href":"https:\/\/weingut-keiper-delp.de\/onlineshop\/wp-json\/wp\/v2\/product_tag?post=602"}],"curies":[{"name":"wp","href":"https:\/\/api.w.org\/{rel}","templated":true}]}}