{"id":636,"date":"2025-03-27T10:11:14","date_gmt":"2025-03-27T09:11:14","guid":{"rendered":"https:\/\/weingut-keiper-delp.de\/onlineshop\/produkt\/artikel-nr-6-502024er-dittelsheimer-huxelrebe-spaetlese-075l\/"},"modified":"2026-03-10T10:29:48","modified_gmt":"2026-03-10T09:29:48","slug":"artikel-nr-6-502024er-dittelsheimer-huxelrebe-spaetlese-075l","status":"publish","type":"product","link":"https:\/\/weingut-keiper-delp.de\/onlineshop\/produkt\/artikel-nr-6-502024er-dittelsheimer-huxelrebe-spaetlese-075l\/","title":{"rendered":"<br>Artikel-Nr.: 6.50<br>2024er Dittelsheimer Huxelrebe Sp\u00e4tlese   0,75l<br>"},"content":{"rendered":"<p><!-- IBGHTML --><\/p>\n<ul type=\"disc\" style=\"margin-top: 0cm\"> <\/ul>\n<p style='margin: auto auto 8pt;line-height: 107%;font-family: \"Calibri\",sans-serif;font-size: 11pt;font-style: normal;font-weight: normal'><span style='line-height: 107%;font-family: \"Calibri\",sans-serif;font-size: 11pt'>NEU!     Eine liebliche Sp\u00e4tlese, die durch ihr exotisches Aroma nach Maracuja und     Honig gepaart mit t\u00e4nzelnder S\u00e4ure gl\u00e4nzt<\/span><\/p>\n<ul type=\"disc\" style=\"margin-top: 0cm\"><\/ul>\n<p><\/p>\n<table WIDTH=\"60%\" BORDER=\"0\" align=\"left\" CELLPADDING=\"0\" CELLSPACING=\"0\"><\/p>\n<tr>\n<td width=\"53%\">Artikelnummer:<\/td>\n<td width=\"47%\"><strong>6.50<\/strong><\/td>\n<\/tr>\n<p><\/p>\n<tr>\n<td>Inhalt<\/td>\n<td><strong>0,75 Ltr.<\/strong><\/td>\n<\/tr>\n<p><\/p>\n<tr>\n<td>Preis\/Ltr.<\/td>\n<td><strong>9,20 EUR pro Ltr.<\/strong><\/td>\n<\/tr>\n<p><\/p>\n<tr>\n<td>Weinart:<\/td>\n<td><strong>Wei\u00dfwein<\/strong><\/td>\n<\/tr>\n<p><\/p>\n<tr>\n<td>Qualit&auml;tsstufe<\/td>\n<td><strong>Sp\u00e4tlese<\/strong><\/td>\n<\/tr>\n<p><\/p>\n<tr>\n<td>Rebsorte<\/td>\n<td><strong>Huxelrebe<\/strong><\/td>\n<\/tr>\n<p><\/p>\n<tr>\n<td>Gechmacksangabe<\/td>\n<td><strong><\/strong><\/td>\n<\/tr>\n<p><\/p>\n<tr>\n<td>Restzuckergehalt<\/td>\n<td><strong>62,8 g\/Ltr.<\/strong><\/td>\n<\/tr>\n<p><\/p>\n<tr>\n<td>Alkoholgehalt<\/td>\n<td><strong>9,0 Vol. %<\/strong><\/td>\n<\/tr>\n<p><\/p>\n<tr>\n<td>vegan:<\/td>\n<td><strong>JA<\/strong><\/td>\n<\/tr>\n<p><\/p>\n<tr>\n<td>Ursprungsland:<\/td>\n<td><strong>Deutschland<\/strong><\/td>\n<\/tr>\n<p><\/p>\n<tr>\n<td>enth\u00e4lt Allergene:<\/td>\n<td><strong>&#8211;<\/strong><\/td>\n<\/tr>\n<p><\/table>\n","protected":false},"excerpt":{"rendered":"<p>NEU! Eine liebliche Sp\u00e4tlese, die durch ihr exotisches Aroma nach Maracuja und Honig gepaart mit t\u00e4nzelnder S\u00e4ure gl\u00e4nzt Artikelnummer: 6.50 [&hellip;]<\/p>\n","protected":false},"featured_media":587,"template":"","meta":{"site-sidebar-layout":"default","site-content-layout":"","ast-site-content-layout":"default","site-content-style":"default","site-sidebar-style":"default","ast-global-header-display":"","ast-banner-title-visibility":"","ast-main-header-display":"","ast-hfb-above-header-display":"","ast-hfb-below-header-display":"","ast-hfb-mobile-header-display":"","site-post-title":"","ast-breadcrumbs-content":"","ast-featured-img":"","footer-sml-layout":"","ast-disable-related-posts":"","theme-transparent-header-meta":"","adv-header-id-meta":"","stick-header-meta":"","header-above-stick-meta":"","header-main-stick-meta":"","header-below-stick-meta":"","astra-migrate-meta-layouts":"default","ast-page-background-enabled":"default","ast-page-background-meta":{"desktop":{"background-color":"var(--ast-global-color-4)","background-image":"","background-repeat":"repeat","background-position":"center center","background-size":"auto","background-attachment":"scroll","background-type":"","background-media":"","overlay-type":"","overlay-color":"","overlay-opacity":"","overlay-gradient":""},"tablet":{"background-color":"","background-image":"","background-repeat":"repeat","background-position":"center center","background-size":"auto","background-attachment":"scroll","background-type":"","background-media":"","overlay-type":"","overlay-color":"","overlay-opacity":"","overlay-gradient":""},"mobile":{"background-color":"","background-image":"","background-repeat":"repeat","background-position":"center center","background-size":"auto","background-attachment":"scroll","background-type":"","background-media":"","overlay-type":"","overlay-color":"","overlay-opacity":"","overlay-gradient":""}},"ast-content-background-meta":{"desktop":{"background-color":"var(--ast-global-color-5)","background-image":"","background-repeat":"repeat","background-position":"center center","background-size":"auto","background-attachment":"scroll","background-type":"","background-media":"","overlay-type":"","overlay-color":"","overlay-opacity":"","overlay-gradient":""},"tablet":{"background-color":"var(--ast-global-color-5)","background-image":"","background-repeat":"repeat","background-position":"center center","background-size":"auto","background-attachment":"scroll","background-type":"","background-media":"","overlay-type":"","overlay-color":"","overlay-opacity":"","overlay-gradient":""},"mobile":{"background-color":"var(--ast-global-color-5)","background-image":"","background-repeat":"repeat","background-position":"center center","background-size":"auto","background-attachment":"scroll","background-type":"","background-media":"","overlay-type":"","overlay-color":"","overlay-opacity":"","overlay-gradient":""}}},"product_brand":[],"product_cat":[75],"product_tag":[],"class_list":{"0":"post-636","1":"product","2":"type-product","3":"status-publish","4":"has-post-thumbnail","6":"product_cat-kabinettweine-und-spaetlesen","7":"desktop-align-left","8":"tablet-align-left","9":"mobile-align-left","11":"first","12":"instock","13":"taxable","14":"shipping-taxable","15":"purchasable","16":"product-type-simple"},"_links":{"self":[{"href":"https:\/\/weingut-keiper-delp.de\/onlineshop\/wp-json\/wp\/v2\/product\/636","targetHints":{"allow":["GET"]}}],"collection":[{"href":"https:\/\/weingut-keiper-delp.de\/onlineshop\/wp-json\/wp\/v2\/product"}],"about":[{"href":"https:\/\/weingut-keiper-delp.de\/onlineshop\/wp-json\/wp\/v2\/types\/product"}],"wp:featuredmedia":[{"embeddable":true,"href":"https:\/\/weingut-keiper-delp.de\/onlineshop\/wp-json\/wp\/v2\/media\/587"}],"wp:attachment":[{"href":"https:\/\/weingut-keiper-delp.de\/onlineshop\/wp-json\/wp\/v2\/media?parent=636"}],"wp:term":[{"taxonomy":"product_brand","embeddable":true,"href":"https:\/\/weingut-keiper-delp.de\/onlineshop\/wp-json\/wp\/v2\/product_brand?post=636"},{"taxonomy":"product_cat","embeddable":true,"href":"https:\/\/weingut-keiper-delp.de\/onlineshop\/wp-json\/wp\/v2\/product_cat?post=636"},{"taxonomy":"product_tag","embeddable":true,"href":"https:\/\/weingut-keiper-delp.de\/onlineshop\/wp-json\/wp\/v2\/product_tag?post=636"}],"curies":[{"name":"wp","href":"https:\/\/api.w.org\/{rel}","templated":true}]}}