{"id":715,"date":"2025-07-29T17:31:06","date_gmt":"2025-07-29T15:31:06","guid":{"rendered":"https:\/\/weingut-keiper-delp.de\/onlineshop\/produkt\/artikel-nr-2-102024er-dittelsheimer-syrah-rose-fume-qualitaetswein-075l\/"},"modified":"2026-04-30T14:20:48","modified_gmt":"2026-04-30T12:20:48","slug":"artikel-nr-2-102024er-dittelsheimer-syrah-rose-fume-qualitaetswein-075l","status":"publish","type":"product","link":"https:\/\/weingut-keiper-delp.de\/onlineshop\/produkt\/artikel-nr-2-102024er-dittelsheimer-syrah-rose-fume-qualitaetswein-075l\/","title":{"rendered":"<br>Artikel-Nr.: 2.10<br>2024er Dittelsheimer Syrah Ros\u00e9 Fum\u00e9 Qualit\u00e4tswein   0,75l<br>"},"content":{"rendered":"<p><!-- IBGHTML --><!-- IBGHTML --><br \/><P class=\"MsoNormal\"><SPAN><FONT face=\"Calibri\"><FONT color=\"#f80774\">NEU NEU NEU<BR><\/FONT>Hier kommt etwas Besonderes! Strahlende Farbe im Glas. In der Nase sticht Erdbeere hervor, gepaart mit einer weichen Holznote. Denn hier kommt die \u00dcberraschung: dieser Wein ist in gebrauchten Barriques ausgebaut worden. Am Gaumen besticht einerseits die Fruchtigkeit und andererseits die Spritzigkeit. Ein Ros\u00e9wein, der nicht nur im Sommer Spa\u00df macht sondern auch prima als Essensbegleitung dient.<\/FONT><\/SPAN><\/P><\/p>\n<table WIDTH=\"60%\" BORDER=\"0\" align=\"left\" CELLPADDING=\"0\" CELLSPACING=\"0\"><\/p>\n<tr>\n<td width=\"53%\">Artikelnummer:<\/td>\n<td width=\"47%\"><strong>2.10<\/strong><\/td>\n<\/tr>\n<p><\/p>\n<tr>\n<td>Inhalt<\/td>\n<td><strong>0,75 Ltr.<\/strong><\/td>\n<\/tr>\n<p><\/p>\n<tr>\n<td>Preis\/Ltr.<\/td>\n<td><strong>9,60 EUR pro Ltr.<\/strong><\/td>\n<\/tr>\n<p><\/p>\n<tr>\n<td>Weinart:<\/td>\n<td><strong>Roseewein<\/strong><\/td>\n<\/tr>\n<p><\/p>\n<tr>\n<td>Qualit&auml;tsstufe<\/td>\n<td><strong>Qualit\u00e4tswein<\/strong><\/td>\n<\/tr>\n<p><\/p>\n<tr>\n<td>Rebsorte<\/td>\n<td><strong>Syrah Ros\u00e9 Fum\u00e9<\/strong><\/td>\n<\/tr>\n<p><\/p>\n<tr>\n<td>Gechmacksangabe<\/td>\n<td><strong><\/strong><\/td>\n<\/tr>\n<p><\/p>\n<tr>\n<td>Restzuckergehalt<\/td>\n<td><strong>6,3 g\/Ltr.<\/strong><\/td>\n<\/tr>\n<p><\/p>\n<tr>\n<td>Alkoholgehalt<\/td>\n<td><strong>12,0 Vol. %<\/strong><\/td>\n<\/tr>\n<p><\/p>\n<tr>\n<td>vegan:<\/td>\n<td><strong>JA<\/strong><\/td>\n<\/tr>\n<p><\/p>\n<tr>\n<td>Ursprungsland:<\/td>\n<td><strong>Deutschland<\/strong><\/td>\n<\/tr>\n<p><\/p>\n<tr>\n<td>enth\u00e4lt Allergene:<\/td>\n<td><strong>Sulfite<\/strong><\/td>\n<\/tr>\n<p><\/table>\n","protected":false},"excerpt":{"rendered":"<p>NEU NEU NEUHier kommt etwas Besonderes! Strahlende Farbe im Glas. In der Nase sticht Erdbeere hervor, gepaart mit einer weichen [&hellip;]<\/p>\n","protected":false},"featured_media":824,"template":"","meta":{"site-sidebar-layout":"default","site-content-layout":"","ast-site-content-layout":"default","site-content-style":"default","site-sidebar-style":"default","ast-global-header-display":"","ast-banner-title-visibility":"","ast-main-header-display":"","ast-hfb-above-header-display":"","ast-hfb-below-header-display":"","ast-hfb-mobile-header-display":"","site-post-title":"","ast-breadcrumbs-content":"","ast-featured-img":"","footer-sml-layout":"","ast-disable-related-posts":"","theme-transparent-header-meta":"","adv-header-id-meta":"","stick-header-meta":"","header-above-stick-meta":"","header-main-stick-meta":"","header-below-stick-meta":"","astra-migrate-meta-layouts":"default","ast-page-background-enabled":"default","ast-page-background-meta":{"desktop":{"background-color":"var(--ast-global-color-4)","background-image":"","background-repeat":"repeat","background-position":"center center","background-size":"auto","background-attachment":"scroll","background-type":"","background-media":"","overlay-type":"","overlay-color":"","overlay-opacity":"","overlay-gradient":""},"tablet":{"background-color":"","background-image":"","background-repeat":"repeat","background-position":"center center","background-size":"auto","background-attachment":"scroll","background-type":"","background-media":"","overlay-type":"","overlay-color":"","overlay-opacity":"","overlay-gradient":""},"mobile":{"background-color":"","background-image":"","background-repeat":"repeat","background-position":"center center","background-size":"auto","background-attachment":"scroll","background-type":"","background-media":"","overlay-type":"","overlay-color":"","overlay-opacity":"","overlay-gradient":""}},"ast-content-background-meta":{"desktop":{"background-color":"var(--ast-global-color-5)","background-image":"","background-repeat":"repeat","background-position":"center center","background-size":"auto","background-attachment":"scroll","background-type":"","background-media":"","overlay-type":"","overlay-color":"","overlay-opacity":"","overlay-gradient":""},"tablet":{"background-color":"var(--ast-global-color-5)","background-image":"","background-repeat":"repeat","background-position":"center center","background-size":"auto","background-attachment":"scroll","background-type":"","background-media":"","overlay-type":"","overlay-color":"","overlay-opacity":"","overlay-gradient":""},"mobile":{"background-color":"var(--ast-global-color-5)","background-image":"","background-repeat":"repeat","background-position":"center center","background-size":"auto","background-attachment":"scroll","background-type":"","background-media":"","overlay-type":"","overlay-color":"","overlay-opacity":"","overlay-gradient":""}}},"product_brand":[],"product_cat":[72],"product_tag":[],"class_list":{"0":"post-715","1":"product","2":"type-product","3":"status-publish","4":"has-post-thumbnail","6":"product_cat-roseweine-und-weissherbst","7":"desktop-align-left","8":"tablet-align-left","9":"mobile-align-left","11":"first","12":"instock","13":"taxable","14":"shipping-taxable","15":"purchasable","16":"product-type-simple"},"_links":{"self":[{"href":"https:\/\/weingut-keiper-delp.de\/onlineshop\/wp-json\/wp\/v2\/product\/715","targetHints":{"allow":["GET"]}}],"collection":[{"href":"https:\/\/weingut-keiper-delp.de\/onlineshop\/wp-json\/wp\/v2\/product"}],"about":[{"href":"https:\/\/weingut-keiper-delp.de\/onlineshop\/wp-json\/wp\/v2\/types\/product"}],"wp:featuredmedia":[{"embeddable":true,"href":"https:\/\/weingut-keiper-delp.de\/onlineshop\/wp-json\/wp\/v2\/media\/824"}],"wp:attachment":[{"href":"https:\/\/weingut-keiper-delp.de\/onlineshop\/wp-json\/wp\/v2\/media?parent=715"}],"wp:term":[{"taxonomy":"product_brand","embeddable":true,"href":"https:\/\/weingut-keiper-delp.de\/onlineshop\/wp-json\/wp\/v2\/product_brand?post=715"},{"taxonomy":"product_cat","embeddable":true,"href":"https:\/\/weingut-keiper-delp.de\/onlineshop\/wp-json\/wp\/v2\/product_cat?post=715"},{"taxonomy":"product_tag","embeddable":true,"href":"https:\/\/weingut-keiper-delp.de\/onlineshop\/wp-json\/wp\/v2\/product_tag?post=715"}],"curies":[{"name":"wp","href":"https:\/\/api.w.org\/{rel}","templated":true}]}}